{"id":17571,"date":"2021-02-03T14:42:44","date_gmt":"2021-02-03T14:42:44","guid":{"rendered":"https:\/\/institutovantine.com\/en\/?page_id=17571"},"modified":"2023-12-31T00:54:28","modified_gmt":"2023-12-31T00:54:28","slug":"home_02","status":"publish","type":"page","link":"https:\/\/institutovantine.com\/en\/","title":{"rendered":"Home_02"},"content":{"rendered":"\n\n\t<h2>\n\t\t\t\tHOME\n\t\t\t<\/h2>\n\t\t\n\t\t\tLocated in Jardim Esplanada, a prestigious area of S\u00e3o Jos\u00e9 dos Campos, Instituto Vantine offers cozy, air-conditioned environments, with internet access and its own parking, for your convenience.\n<p>We have thought of every detail to offer you a unique experience in healthcare treatments.<\/p>\n\t\t\tOur office\t\t\t\n\t<h2>\n\t\t\t\tINSTITUTO VANTINE\n\t\t\t<\/h2>\n\t\t\n\t\t\tSince July 1967, dental surgeon Dr. \u00c1lvaro Vantine has been writing a story of success and great achievements. During this half century of work and dedication, always excelled by professional qualification with continuous improvement, to offer a differentiated and updated service.Committed to increasing the concept of quality of life, together with his daughter and also dental surgeon, Dr. Fernanda Vantine, decided to transform the Vantine Dental Clinic into Instituto Vantine, offering more options of specialized treatments in health, consolidating itself as a reference in this area.With modern facilities and a rigorous biosecurity control, Instituto Vantine will take care of your well-being with comfort, safety and a highly qualified service.\t\t\n\t\t                    <h4>DR. \u00c1LVARO VANTINE<\/h4>\nForensic Expert in Dentistry &#8211; CONPEJ<br \/>\nTechnical Assistant in legal proceedings<br \/>\nHe was Representative of the CRO in S\u00e3o Jos\u00e9 dos Campos<br \/>\nHe was President of the APCD of S\u00e3o Jos\u00e9 dos Campos<br \/>\nHe was Director of the Dep. of Dentistry of the City of SJC<br \/>\nGraduated from UNESP in S\u00e3o Jos\u00e9 dos Campos\n\t\t\t\t<img decoding=\"async\" src=\"https:\/\/institutovantine.com\/en\/wp-content\/uploads\/2020\/12\/IMG_2578.jpg\" alt=\"IMG_2578\" title=\"IMG_2578\" itemprop=\"image\"\/>\n\t\t                    <h4>DR. FERNANDA VANTINE<\/h4>\n        \t\t        \t\t        \tInvisalign Doctor<br \/>Certified by AADSM<br \/>(American Academy of Sleep Dentistry)<br \/>Post Graduation in Sleep Dentistry &#8211; Inst. Vellini<br \/>Member of the Brazilian Sleep Association<br \/>Judicial Expert in Dentistry &#8211; CONPEJ<br \/>Technical Assistant in legal proceedings<br \/>Master in Biomedical Engineering by UNIVAP<br \/>Specialist in Pediatric Dentistry by UNITAU<br \/>Specialist in Orthodontics by DCTA<br \/>1st Lieutenant Dentist of FAB<br \/>Graduated from UNITAU\n\t\t\t\t<img decoding=\"async\" src=\"https:\/\/institutovantine.com\/en\/wp-content\/uploads\/bb-plugin\/cache\/depoimento_03_cut-circle.jpg\" alt=\"depoimento_03_cut\" title=\"depoimento_03_cut\" itemprop=\"image\"\/>\n<p>&#8220;Cozy office with great professionals, good service and technology designed to give, with comfort, the best treatment for patients. A place where I was very well received and treated as a friend.&#8221;<\/p>\n\t\t\t\t\t\t\t\t<br \/>ADRIANO GUEDES\t\t\t\t\t\t\t\t\n\t\t\t\t<img decoding=\"async\" src=\"https:\/\/institutovantine.com\/en\/wp-content\/uploads\/bb-plugin\/cache\/Ana-Clara-Frigi-Cut-circle.jpg\" alt=\"Ana Clara Frigi Cut\" title=\"Ana Clara Frigi Cut\" itemprop=\"image\"\/>\n\t\t\t\t\t\t\t&#8220;I whitened my teeth at Instituto Vantine and the result was great! I would like to thank Dr. Fernanda for the excellent work and the attention I was given. Thank you so much!&#8221;\n\t\t\t\t\t\t\n\t\t\t\t\t\t\t\t<br \/>ANNA CLARA FRIGI\t\t\t\t\t\t\t\t\n\t\t\t\t<img decoding=\"async\" src=\"https:\/\/institutovantine.com\/en\/wp-content\/uploads\/bb-plugin\/cache\/Familia_Santos_2_cut-circle.jpeg\" alt=\"Familia_Santos_2_cut\" title=\"Familia_Santos_2_cut\" itemprop=\"image\"\/>\n\t\t\t\t\t\t\t<p>&#8220;We have been caring for the health of our teeth for over ten years at Instituto Vantine. We are very grateful for the dedication for so many years.&#8221;<\/p>\t\t\t\t\t\t\n\t\t\t\t\t\t\t\t<br \/>SANTOS&#8217; FAMILY\t\t\t\t\t\t\t\t\n\t\t\t\t<img decoding=\"async\" src=\"https:\/\/institutovantine.com\/en\/wp-content\/uploads\/bb-plugin\/cache\/WhatsAppImage2018-02-28at18.11.04_cut_2-circle.jpg\" alt=\"WhatsAppImage2018-02-28at18.11.04_cut_2\" title=\"WhatsAppImage2018-02-28at18.11.04_cut_2\" itemprop=\"image\"\/>\n\t\t\t\t\t\t\t<p>&#8220;Those looking for a differentiated service have to know the brilliant service provided by Instituto Vantine! Professionals who care for good service, in addition to the infrastructure set up giving greater comfort to consultations. Congratulations for the excellent work!&#8221;<\/p>\t\t\t\t\t\t\n\t\t\t\t\t\t\t\t<br \/>SILVEIRAS&#8217; FAMILY\t\t\t\t\t\t\t\t\n\t<h2>\n\t\t\t\tSERVICES\n\t\t\t<\/h2>\n\t\t\t<h3>SNORING AND SLEEP APNEA<\/h3>\t\t\t\n\t\t\t\t<p>Oral appliance therapy.<\/p>\n\t\t\t<a href=\"https:\/\/institutovantine.com\/en\/trat-ronco-e-apneia\/\" target=\"_self\" role=\"button\" aria-label=\"LEARN MORE\" rel=\"noopener\">\n\t\t\t\t\t\t\tLEARN MORE\n\t\t<\/a>\n\t\t\t<h3>INVISALIGN<\/h3>\t\t\t\n\t\t\t\t<p>Invisible aligners for correction of malocclusions.<\/p>\n\t\t\t<a href=\"https:\/\/institutovantine.com\/en\/trat-ortodontia\/\" target=\"_self\" role=\"button\" aria-label=\"LEARN MORE\" rel=\"noopener\">\n\t\t\t\t\t\t\tLEARN MORE\n\t\t<\/a>\n\t\t\t<h3>TEETH WHITENING<\/h3>\t\t\t\n\t\t\t\t<p>Using whitening gel to get a perfect smile.<\/p>\n\t\t\t<a href=\"https:\/\/institutovantine.com\/en\/trat-clareamento\/\" target=\"_self\" role=\"button\" aria-label=\"LEARN MORE\" rel=\"noopener\">\n\t\t\t\t\t\t\tLEARN MORE\n\t\t<\/a>\n\t\t\t<h3>SPORTS DENTISTRY<\/h3>\t\t\t\n\t\t\t\t<p>Mouth guards and optimizing plates for physical activity.<\/p>\n\t\t\t<a href=\"https:\/\/institutovantine.com\/en\/trat-esporte\/\" target=\"_self\" role=\"button\" aria-label=\"LEARN MORE\" rel=\"noopener\">\n\t\t\t\t\t\t\tLEARN MORE\n\t\t<\/a>\n\t\t\t<h3>LASER THERAPY<\/h3>\t\t\t\n\t\t\t\t<p>Relief of pain, inflammation, injuries and for scarring.<\/p>\n\t\t\t<a href=\"https:\/\/institutovantine.com\/en\/trat-laserterapia\/\" target=\"_self\" role=\"button\" aria-label=\"LEARN MORE\" rel=\"noopener\">\n\t\t\t\t\t\t\tLEARN MORE\n\t\t<\/a>\n\t<h2>\n\t\t\t\tTIPS &#038; MEDIA\n\t\t\t<\/h2>\n\t<iframe loading=\"lazy\" width=\"600\" height=\"338\" src=\"https:\/\/www.youtube.com\/embed\/6LklqCsoT70?cc_lang_pref=en&#038;cc_load_policy=1\" title=\"Tips to improve the quality of your sleep\" frameborder=\"0\" allow=\"accelerometer; autoplay; clipboard-write; encrypted-media; gyroscope; picture-in-picture; web-share\" allowfullscreen><\/iframe>\n<iframe loading=\"lazy\" width=\"600\" height=\"338\" src=\"https:\/\/www.youtube.com\/embed\/-bulhdcNWWI?cc_lang_pref=en&#038;cc_load_policy=1\" title=\"Interview SBT World Sleep Day 2022\" frameborder=\"0\" allow=\"accelerometer; autoplay; clipboard-write; encrypted-media; gyroscope; picture-in-picture; web-share\" allowfullscreen><\/iframe>\n<iframe loading=\"lazy\" width=\"600\" height=\"338\" src=\"https:\/\/www.youtube.com\/embed\/i5RHvWt7i8U?cc_lang_pref=en&#038;cc_load_policy=1\" title=\"You know what is fundamental to the balance and success of your personal and professional life\" frameborder=\"0\" allow=\"accelerometer; autoplay; clipboard-write; encrypted-media; gyroscope; picture-in-picture; web-share\" allowfullscreen><\/iframe>\n<iframe loading=\"lazy\" width=\"600\" height=\"338\" src=\"https:\/\/www.youtube.com\/embed\/z_T_gsVELmw?cc_lang_pref=en&#038;cc_load_policy=1\" title=\"Interview for Band Cidade\" frameborder=\"0\" allow=\"accelerometer; autoplay; clipboard-write; encrypted-media; gyroscope; picture-in-picture; web-share\" allowfullscreen><\/iframe>\n\t<h2>\n\t\t\t\tLECTURES\n\t\t\t<\/h2>\n\t\t\t\t\t\t\t\t\t\t\t\t\t\t<a href=\"https:\/\/institutovantine.com\/en\/2019\/03\/24\/influencia-ronco-comportamento-atencao\/\" target=\"_self\" title=\"Snoring in Behavior and Attention &#8211; Embraer 2019\" rel=\"noopener\">\n\t\t\t\t<img decoding=\"async\" src=\"https:\/\/institutovantine.com\/en\/wp-content\/uploads\/2019\/03\/influencia_ronco_400.jpg\" alt=\"\" \/>\n\t\t\t\t<\/a>\n\t\t\t\t\t\t<h3>\n\t\t\t\t<a href=https:\/\/institutovantine.com\/en\/2019\/03\/24\/influencia-ronco-comportamento-atencao\/ title=\"Snoring in Behavior and Attention &#8211; Embraer 2019\" tabindex=\"0\">Snoring in Behavior and Attention &#8211; Embraer 2019<\/a>\t\t\t<\/h3>\n\t\t\t<a href=\"https:\/\/institutovantine.com\/en\/2019\/03\/24\/influencia-ronco-comportamento-atencao\/\" target=\"_self\" role=\"button\" aria-label=\"SEE THE POST\" rel=\"noopener\">\n\t\t\t\t\t\t\t\t\t\t\tSEE THE POST\n\t\t<\/a>\n\t\t\t\t\t\t\t\t\t\t\t\t\t\t<a href=\"https:\/\/institutovantine.com\/en\/2018\/08\/24\/impacto-apneia-obstrutiva\/\" target=\"_self\" title=\"Impact of Apnea on Systemic Health &#8211; APCD 2018\" rel=\"noopener\">\n\t\t\t\t<img decoding=\"async\" src=\"https:\/\/institutovantine.com\/en\/wp-content\/uploads\/2018\/10\/fig_01_400.jpg\" alt=\"\" \/>\n\t\t\t\t<\/a>\n\t\t\t\t\t\t<h3>\n\t\t\t\t<a href=https:\/\/institutovantine.com\/en\/2018\/08\/24\/impacto-apneia-obstrutiva\/ title=\"Impact of Apnea on Systemic Health &#8211; APCD 2018\" tabindex=\"0\">Impact of Apnea on Systemic Health &#8211; APCD 2018<\/a>\t\t\t<\/h3>\n\t\t\t<a href=\"https:\/\/institutovantine.com\/en\/2018\/08\/24\/impacto-apneia-obstrutiva\/\" target=\"_self\" role=\"button\" aria-label=\"SEE THE POST\" rel=\"noopener\">\n\t\t\t\t\t\t\t\t\t\t\tSEE THE POST\n\t\t<\/a>\n\t\t\t\t\t\t\t\t\t\t\t\t\t\t<a href=\"https:\/\/institutovantine.com\/en\/2018\/08\/07\/protetores-bucais-esportivos-individualizados\/\" target=\"_self\" title=\"MOUTH GUARDS &#8211; Centro M\u00e9dico S\u00e3o Jo\u00e3o 2022\" rel=\"noopener\">\n\t\t\t\t<img decoding=\"async\" src=\"https:\/\/institutovantine.com\/en\/wp-content\/uploads\/2018\/08\/Dollarphotoclub_61081380-1024x6801.jpg\" alt=\"\" \/>\n\t\t\t\t<\/a>\n\t\t\t\t\t\t<h3>\n\t\t\t\t<a href=https:\/\/institutovantine.com\/en\/2018\/08\/07\/protetores-bucais-esportivos-individualizados\/ title=\"MOUTH GUARDS &#8211; Centro M\u00e9dico S\u00e3o Jo\u00e3o 2022\" tabindex=\"0\">MOUTH GUARDS &#8211; Centro M\u00e9dico S\u00e3o Jo\u00e3o 2022<\/a>\t\t\t<\/h3>\n\t\t\t<a href=\"https:\/\/institutovantine.com\/en\/2018\/08\/07\/protetores-bucais-esportivos-individualizados\/\" target=\"_self\" role=\"button\" aria-label=\"SEE THE POST\" rel=\"noopener\">\n\t\t\t\t\t\t\t\t\t\t\tSEE THE POST\n\t\t<\/a>\n\t\t\t\t\t\t\t\t\t\t\t\t\t\t<a href=\"https:\/\/institutovantine.com\/en\/2018\/08\/02\/beneficios-aparelho-intraoral\/\" target=\"_self\" title=\"Benefits of Intraoral Appliance &#8211; Johnson &#038; Johnson 2018\" rel=\"noopener\">\n\t\t\t\t<img decoding=\"async\" src=\"https:\/\/institutovantine.com\/en\/wp-content\/uploads\/2018\/10\/AIO_400.jpg\" alt=\"\" \/>\n\t\t\t\t<\/a>\n\t\t\t\t\t\t<h3>\n\t\t\t\t<a href=https:\/\/institutovantine.com\/en\/2018\/08\/02\/beneficios-aparelho-intraoral\/ title=\"Benefits of Intraoral Appliance &#8211; Johnson &#038; Johnson 2018\" tabindex=\"0\">Benefits of Intraoral Appliance &#8211; Johnson &#038; Johnson 2018<\/a>\t\t\t<\/h3>\n\t\t\t<a href=\"https:\/\/institutovantine.com\/en\/2018\/08\/02\/beneficios-aparelho-intraoral\/\" target=\"_self\" role=\"button\" aria-label=\"SEE THE POST\" rel=\"noopener\">\n\t\t\t\t\t\t\t\t\t\t\tSEE THE POST\n\t\t<\/a>\n\t\t\t\t\t\t\t\t\t\t\t\t\t\t<a href=\"https:\/\/institutovantine.com\/en\/2018\/06\/28\/odontologia-e-acidentes-do-trabalho\/\" target=\"_self\" title=\"Dentistry and Accidents at Work &#8211; Huber Suhner 2018\" rel=\"noopener\">\n\t\t\t\t<img decoding=\"async\" src=\"https:\/\/institutovantine.com\/en\/wp-content\/uploads\/2018\/09\/sonolencia_03_400.jpg\" alt=\"\" \/>\n\t\t\t\t<\/a>\n\t\t\t\t\t\t<h3>\n\t\t\t\t<a href=https:\/\/institutovantine.com\/en\/2018\/06\/28\/odontologia-e-acidentes-do-trabalho\/ title=\"Dentistry and Accidents at Work &#8211; Huber Suhner 2018\" tabindex=\"0\">Dentistry and Accidents at Work &#8211; Huber Suhner 2018<\/a>\t\t\t<\/h3>\n\t\t\t<a href=\"https:\/\/institutovantine.com\/en\/2018\/06\/28\/odontologia-e-acidentes-do-trabalho\/\" target=\"_self\" role=\"button\" aria-label=\"SEE THE POST\" rel=\"noopener\">\n\t\t\t\t\t\t\t\t\t\t\tSEE THE POST\n\t\t<\/a>\n\t\t\t\t\t\t\t\t\t\t\t\t\t\t<a href=\"https:\/\/institutovantine.com\/en\/2018\/05\/24\/ronco-e-coisa-seria\/\" target=\"_self\" title=\"Snoring is a Serious Thing! &#8211; Univap 2018\" rel=\"noopener\">\n\t\t\t\t<img decoding=\"async\" src=\"https:\/\/institutovantine.com\/en\/wp-content\/uploads\/2018\/09\/img_capa_400.jpg\" alt=\"\" \/>\n\t\t\t\t<\/a>\n\t\t\t\t\t\t<h3>\n\t\t\t\t<a href=https:\/\/institutovantine.com\/en\/2018\/05\/24\/ronco-e-coisa-seria\/ title=\"Snoring is a Serious Thing! &#8211; Univap 2018\" tabindex=\"0\">Snoring is a Serious Thing! &#8211; Univap 2018<\/a>\t\t\t<\/h3>\n\t\t\t<a href=\"https:\/\/institutovantine.com\/en\/2018\/05\/24\/ronco-e-coisa-seria\/\" target=\"_self\" role=\"button\" aria-label=\"SEE THE POST\" rel=\"noopener\">\n\t\t\t\t\t\t\t\t\t\t\tSEE THE POST\n\t\t<\/a>\n\t\t\t<div class=\"fl-builder-content fl-builder-content-9373 fl-builder-global-templates-locked\" data-post-id=\"9373\"><div class=\"fl-row fl-row-full-width fl-row-bg-none fl-node-5a8aa4419fb0a fl-row-default-height fl-row-align-center\" data-node=\"5a8aa4419fb0a\">\n\t<div class=\"fl-row-content-wrap\">\n\t\t<div class=\"uabb-row-separator uabb-top-row-separator\" >\r\n<\/div>\r\n\t\t\t\t\t\t<div class=\"fl-row-content fl-row-full-width fl-node-content\">\n\t\t\n<div class=\"fl-col-group fl-node-5a8aa441a170e\" data-node=\"5a8aa441a170e\">\n\t\t\t<div class=\"fl-col fl-node-5a8aa441a19c8\" data-node=\"5a8aa441a19c8\">\n\t<div class=\"fl-col-content fl-node-content\"><div class=\"fl-module fl-module-info-box fl-node-5a8aa4419f821\" data-node=\"5a8aa4419f821\">\n\t<div class=\"fl-module-content fl-node-content\">\n\t\t<div class=\"uabb-module-content uabb-infobox infobox-center infobox-has-photo infobox-photo-above-title \">\r\n\t<div class=\"uabb-infobox-left-right-wrap\">\r\n\t<div class=\"uabb-infobox-content\">\r\n\t\t\t<div class=\"uabb-module-content uabb-imgicon-wrap\">\t\t\r\n\t\t\t\t\t<div class=\"uabb-image\r\n\t\t uabb-image-crop-simple\t\t\" itemscope itemtype=\"https:\/\/schema.org\/ImageObject\">\r\n\t\t\t<div class=\"uabb-image-content\">\r\n\t\t\t\t<img loading=\"lazy\" decoding=\"async\" width=\"180\" height=\"158\" class=\"uabb-photo-img wp-image-32 size-full\" src=\"https:\/\/institutovantine.com\/en\/wp-content\/uploads\/2018\/01\/logo_vantine_vetorizado_small.jpg\" alt=\"logo_vantine_vetorizado_small\" title=\"logo_vantine_vetorizado_small\" itemprop=\"image\"\/>\r\n\t\t\t<\/div>\r\n\t\t<\/div>\r\n\r\n\t\t<\/div><div class='uabb-infobox-title-wrap'><div class=\"uabb-infobox-title-prefix\"><div style=\"letter-spacing:8px; margin-left:0px\">VANTINE<\/div><\/div><div class=\"uabb-infobox-title\"><div style=\"letter-spacing:3px; margin-left:0px\">ODONTOLOGIA<\/div><\/div><\/div>\t\t<\/div>\t<\/div>\r\n<\/div>\r\n\t<\/div>\n<\/div>\n<\/div>\n<\/div>\n\t<\/div>\n\t\t<\/div>\n\t<\/div>\n<\/div>\n<div class=\"fl-row fl-row-full-width fl-row-bg-color fl-node-5a8aaccebac71 fl-row-default-height fl-row-align-center\" data-node=\"5a8aaccebac71\">\n\t<div class=\"fl-row-content-wrap\">\n\t\t<div class=\"uabb-row-separator uabb-top-row-separator\" >\r\n<\/div>\r\n\t\t\t\t\t\t<div class=\"fl-row-content fl-row-fixed-width fl-node-content\">\n\t\t\n<div class=\"fl-col-group fl-node-5a8aacceba9ee fl-col-group-equal-height fl-col-group-align-top\" data-node=\"5a8aacceba9ee\">\n\t\t\t<div class=\"fl-col fl-node-5a8aaccebaaf3\" data-node=\"5a8aaccebaaf3\">\n\t<div class=\"fl-col-content fl-node-content\"><div class=\"fl-module fl-module-info-box fl-node-5a8aaccebabd8 fl-animation fl-fade-right round_corners\" data-node=\"5a8aaccebabd8\" data-animation-delay=\"0.0\">\n\t<div class=\"fl-module-content fl-node-content\">\n\t\t<div class=\"uabb-module-content uabb-infobox infobox-center infobox-has-photo infobox-photo-above-title \">\r\n\t<div class=\"uabb-infobox-left-right-wrap\">\r\n\t<div class=\"uabb-infobox-content\">\r\n\t\t\t<div class=\"uabb-module-content uabb-imgicon-wrap\">\t\t\r\n\t\t\t\t\t<div class=\"uabb-image\r\n\t\t uabb-image-crop-simple\t\t\" itemscope itemtype=\"https:\/\/schema.org\/ImageObject\">\r\n\t\t\t<div class=\"uabb-image-content\">\r\n\t\t\t\t<img loading=\"lazy\" decoding=\"async\" width=\"700\" height=\"400\" class=\"uabb-photo-img wp-image-9377 size-full\" src=\"https:\/\/institutovantine.com\/en\/wp-content\/uploads\/2018\/02\/estetica_dental.jpg\" alt=\"estetica_dental\" title=\"estetica_dental\" itemprop=\"image\" srcset=\"https:\/\/institutovantine.com\/en\/wp-content\/uploads\/2018\/02\/estetica_dental.jpg 700w, https:\/\/institutovantine.com\/en\/wp-content\/uploads\/2018\/02\/estetica_dental-300x171.jpg 300w\" sizes=\"auto, (max-width: 700px) 100vw, 700px\" \/>\r\n\t\t\t<\/div>\r\n\t\t<\/div>\r\n\r\n\t\t<\/div><div class='uabb-infobox-title-wrap'><div class=\"uabb-infobox-title\">EST\u00c9TICA DENTAL<\/div><\/div><div class=\"uabb-infobox-separator\"><div class=\"uabb-module-content uabb-separator-parent\">\r\n\t<div class=\"uabb-separator\"><\/div>\r\n<\/div>\r\n<\/div>\t\t\t<div class=\"uabb-infobox-text-wrap\">\r\n\t\t\t\t<div class=\"uabb-infobox-text uabb-text-editor\"><p style=\"margin-top: 0px;\" align=\"justify\">A odontologia est\u00e9tica oferece uma grande variedade de op\u00e7\u00f5es de tratamento para pessoas que buscam melhorar seus sorrisos. As op\u00e7\u00f5es variam de facetas de resina e porcelana a aparelhos. Em muitos casos, \u00e9 necess\u00e1ria uma combina\u00e7\u00e3o de t\u00e9cnicas para atingir os melhores resultados.<\/p>\n<p style=\"margin-top: 0px;\" align=\"justify\">Esta \u00e1rea da Odontologia recebeu muitos investimentos em pesquisa nos \u00faltimos anos revelando um crescimento nunca antes experimentado, possibilitando a homens e mulheres a reabilita\u00e7\u00e3o de seus dentes com materiais que se assemelham ao dente natural, e o que \u00e9 melhor, com uma grande durabilidade. As pessoas que buscam o belo e a harmonia, depois do tratamento, percebem uma mudan\u00e7a completa, um ganho inclusive de auto-estima.\u00a0<\/p>\n<\/div>\t\t\t<\/div>\r\n\t\t\t\t\t\t<\/div>\t<\/div>\r\n<\/div>\r\n\t<\/div>\n<\/div>\n<\/div>\n<\/div>\n\t<\/div>\n\t\t<\/div>\n\t<\/div>\n<\/div>\n<\/div><div class=\"uabb-js-breakpoint\" style=\"display: none;\"><\/div>\n\t\t<h5>Modal Popup &#8211; ID <\/h5>\n\t\tClick here to edit the &quot;Modal Popup&quot; settings. This text will not be visible on frontend.\t\n\t<h2>\n\t\t\t\tPARTNERS\n\t\t\t<\/h2>\n\t<a href=\"https:\/\/www.clinicaopus.com.br\/\" target=\"_blank\" rel=\"noopener\" aria-label=\"Go to https:\/\/www.clinicaopus.com.br\/\"><\/a>\n\t\t\t\t<img decoding=\"async\" src=\"https:\/\/institutovantine.com\/en\/wp-content\/uploads\/2021\/01\/logo_opus-1.jpg\" alt=\"logo_opus\" title=\"logo_opus\" itemprop=\"image\"\/>\n\t<a href=\"https:\/\/ams.petrobras.com.br\/portal\/ams\/home\/pagina-principal.htm\" target=\"_blank\" rel=\"noopener\" aria-label=\"Go to https:\/\/ams.petrobras.com.br\/portal\/ams\/home\/pagina-principal.htm\"><\/a>\n\t\t\t\t<img decoding=\"async\" src=\"https:\/\/institutovantine.com\/en\/wp-content\/uploads\/2021\/01\/logo_petro.jpg\" alt=\"logo_petro\" title=\"logo_petro\" itemprop=\"image\"\/>\n\t<a href=\"http:\/\/www.uniodontosjc.com.br\/site\/\" target=\"_blank\" rel=\"noopener\" aria-label=\"Go to http:\/\/www.uniodontosjc.com.br\/site\/\"><\/a>\n\t\t\t\t<img decoding=\"async\" src=\"https:\/\/institutovantine.com\/en\/wp-content\/uploads\/2021\/01\/logo_uniodonto.jpg\" alt=\"logo_uniodonto\" title=\"logo_uniodonto\" itemprop=\"image\"\/>\n\t<a href=\"https:\/\/www.drgabrielbijos.com.br\/\" target=\"_blank\" rel=\"noopener\" aria-label=\"Go to https:\/\/www.drgabrielbijos.com.br\/\"><\/a>\n\t\t\t\t<img decoding=\"async\" src=\"https:\/\/institutovantine.com\/en\/wp-content\/uploads\/2021\/01\/logo_bijos.jpg\" alt=\"logo_bijos\" title=\"logo_bijos\" itemprop=\"image\"\/>\n\t<a href=\"http:\/\/weblifebrasil.com.br\" target=\"_blank\" rel=\"noopener\" aria-label=\"Go to http:\/\/weblifebrasil.com.br\"><\/a>\n\t\t\t\t<img decoding=\"async\" src=\"https:\/\/institutovantine.com\/en\/wp-content\/uploads\/2021\/01\/logo_weblife.jpg\" alt=\"logo_weblife\" title=\"logo_weblife\" itemprop=\"image\"\/>\n\t<a href=\"https:\/\/www.institutopaulistadosono.com.br\/\" target=\"_blank\" rel=\"noopener\" aria-label=\"Go to https:\/\/www.institutopaulistadosono.com.br\/\"><\/a>\n\t\t\t\t<img decoding=\"async\" src=\"https:\/\/institutovantine.com\/en\/wp-content\/uploads\/2021\/03\/logo-instituto-do-sono.jpg\" alt=\"logo-instituto-do-sono\" title=\"logo-instituto-do-sono\" itemprop=\"image\"\/>\n\n","protected":false},"excerpt":{"rendered":"<p>HOME Located in Jardim Esplanada, a prestigious area of S\u00e3o Jos\u00e9 dos Campos, Instituto Vantine offers cozy, air-conditioned environments, with internet access and its own parking, for your convenience. We have thought of every detail to offer you a unique experience in healthcare treatments. Our office INSTITUTO VANTINE Since July 1967, dental surgeon Dr. \u00c1lvaro&hellip;<\/p>\n","protected":false},"author":1,"featured_media":0,"parent":0,"menu_order":0,"comment_status":"closed","ping_status":"closed","template":"","meta":{"footnotes":""},"class_list":["post-17571","page","type-page","status-publish","hentry"],"_links":{"self":[{"href":"https:\/\/institutovantine.com\/en\/wp-json\/wp\/v2\/pages\/17571","targetHints":{"allow":["GET"]}}],"collection":[{"href":"https:\/\/institutovantine.com\/en\/wp-json\/wp\/v2\/pages"}],"about":[{"href":"https:\/\/institutovantine.com\/en\/wp-json\/wp\/v2\/types\/page"}],"author":[{"embeddable":true,"href":"https:\/\/institutovantine.com\/en\/wp-json\/wp\/v2\/users\/1"}],"replies":[{"embeddable":true,"href":"https:\/\/institutovantine.com\/en\/wp-json\/wp\/v2\/comments?post=17571"}],"version-history":[{"count":116,"href":"https:\/\/institutovantine.com\/en\/wp-json\/wp\/v2\/pages\/17571\/revisions"}],"predecessor-version":[{"id":17927,"href":"https:\/\/institutovantine.com\/en\/wp-json\/wp\/v2\/pages\/17571\/revisions\/17927"}],"wp:attachment":[{"href":"https:\/\/institutovantine.com\/en\/wp-json\/wp\/v2\/media?parent=17571"}],"curies":[{"name":"wp","href":"https:\/\/api.w.org\/{rel}","templated":true}]}}